{"id":344,"date":"2023-03-10T17:50:34","date_gmt":"2023-03-10T16:50:34","guid":{"rendered":"https:\/\/aixmanus.de\/unternehmensberatung\/"},"modified":"2023-03-10T17:50:34","modified_gmt":"2023-03-10T16:50:34","slug":"unternehmensberatung","status":"publish","type":"page","link":"https:\/\/aixmanus.de\/en\/angebot\/unternehmensberatung\/","title":{"rendered":"Unternehmensberatung"},"content":{"rendered":"\n<section class=\"banner\" style=\"height: 600px\">\n\t\n\t\n\t\t\t<div class=\"slide\" style=\"height: 600px\">\n\n\t\t\t\t<img decoding=\"async\" src=\"https:\/\/aixmanus.de\/wp-content\/uploads\/2023\/03\/scott-graham-5fNmWej4tAA-unsplash1.jpg\" alt=\"\">\n\n\t\t\t\t<div class=\"slide_overlay\">\n\n\t\t\t\t\t<div class=\"container-fluid container-fluid-small h-100\">\n\n\t\t\t\t\t\t<div class=\"row h-100\">\n\n\t\t\t\t\t\t\t<div class=\"col-lg-12\">\n\n\t\t\t\t\t\t\t\t<div class=\"banner-content\">\n\n\t\t\t\t\t\t\t\t\t<span class=\"banner-headline\">Consulting<\/span>\n\n\t\t\t\t\t\t\t\t\t<span class=\"banner-subline\">Verbesserungs&shy;potenziale aufdecken und Prozesse optimieren<\/span>\n\n\t\t\t\t\t\t\t\t\t\n\t\t\t\t\t\t\t\t<\/div>\n\n\t\t\t\t\t\t\t<\/div>\n\n\t\t\t\t\t\t<\/div>\n\n\t\t\t\t\t<\/div>\n\n\t\t\t\t<\/div>\n\n\t\t\t<\/div>\n\n\t\t\n<\/section>\t\n\n\n<div style=\"height:30px\" aria-hidden=\"true\" class=\"wp-block-spacer\"><\/div>\n\n\n\n<div class=\"outer-wrapper force-white-color\" id=\"\">\n\n\t<div class=\"wrapper container\" style=\"padding:    ; background-color: rgba(8,40,40,0.8);\">\n\n\t\t\n\n<div class=\"row\">\n\n\t<div class=\"col-lg-12\">\n\n\t\t<div class=\"textwrap\" style=\"column-count: 1\">\n\n\t\t\t<h1>Unternehmens-Beratung<\/h1>\n<h2>5 Jahre Selbstst\u00e4ndigkeit, 3 Firmengr\u00fcndungen,<br \/>\nSohn eines Unternehmers<\/h2>\n<p>Die eigenen Erfahrungen weiterzugeben ist unser Auftrag. Fehler vermeiden und anderen dabei zu helfen wird immer wichtiger, da von jedem mehr Leistung<br \/>\nverlangt wird und das auch noch in k\u00fcrzerer Zeit.<\/p>\n<p>Durch den Datenschutz genie\u00dfen wir bei unseren Mandanten absolutes Vertrauen.<br \/>\nDabei ist aufgefallen, dass eine zweite Meinung oder der Blick aus einem anderen Winkel<br \/>\nVerbesserungspotenziale aufdecken kann. So konnten wir neben dem Datenschutz noch Prozesse vereinfachen und bespielsweise \u00fcberfl\u00fcssige Software sowie doppelte Prozesse entfernen.<\/p>\n<p>Jetzt bieten wir diese Leistung auch unabh\u00e4ngig vom Datenschutz an! Die Beratungsdienstleistung kann jeden Bereich betreffen: Vom Aufbau eines neuen Gesch\u00e4ftsfeldes bis hin zur Integration neuer Technologien in Ihre Anlagen.<\/p>\n\n\t\t<\/div>\n\n\t<\/div>\n\n<\/div>\n\n\n<div class=\"row\">\n\n\t\n\t\t\t<div class=\"iconbox_single col-lg-6\">\n\n\t\t\t\t<div class=\"iconbox_inner h-100\">\n\n\t\t\t\t\t<div class=\"iconbox_content\">\n\n\t\t\t\t\t\t<span class=\"iconbox_headline\"><img decoding=\"async\" src=\"https:\/\/aixmanus.de\/wp-content\/uploads\/2023\/03\/baseline_search_black_48dp-3.png\" alt=\"\"> EINF\u00dcHRUNG<\/span>\n\n\t\t\t\t\t\t<span class=\"iconbox_description\"> Aufnahme der Situation, indem wir beispielsweise mit den Betroffenen sprechen oder bei den Verfahren begleiten, um eine bestm\u00f6glichen Eindruck zu bekommen.\r\nGleichzeitig beginnen wir mit der Erstellung der Dokumentation des Istzustandes und nehmen Alles ungefiltert auf. Jede Verarbeitung Ihrer Daten ist DSGVO-konform und Sie erhalten alle Vertr\u00e4ge zur rechtlichen Absicherung.<\/span>\n\n\t\t\t\t\t<\/div>\n\n\t\t\t\t<\/div>\n\n\t\t\t<\/div>\n\n\t\t\n\t\t\t<div class=\"iconbox_single col-lg-6\">\n\n\t\t\t\t<div class=\"iconbox_inner h-100\">\n\n\t\t\t\t\t<div class=\"iconbox_content\">\n\n\t\t\t\t\t\t<span class=\"iconbox_headline\"><img decoding=\"async\" src=\"https:\/\/aixmanus.de\/wp-content\/uploads\/2023\/03\/baseline_map_black_48dp-3.png\" alt=\"\"> AUSWERTUNG<\/span>\n\n\t\t\t\t\t\t<span class=\"iconbox_description\">Wir bewerten die \u00fcbergebenen Informationen mittels:<br>\r\n&#8211; einer rechlichen Pr\u00fcfung, um den gesetzlichen Rahmen festzulegen<br>\r\n&#8211; einem Abgleich mit unserer Wissendatenbank<br>\r\n&#8211; einer Anfrage an unsere Gesch\u00e4ftspartner aus unserem Netzwerk.<br>\r\nHierbei werden die Informationen so verschleiert, dass keine R\u00fcckf\u00fchrung auf Sie m\u00f6glich ist.\r\nAnschlie\u00dfend erstellen wir die Pr\u00e4sentation des Ma\u00dfnahmenkatalogs.<\/span>\n\n\t\t\t\t\t<\/div>\n\n\t\t\t\t<\/div>\n\n\t\t\t<\/div>\n\n\t\t\n\t\t\t<div class=\"iconbox_single col-lg-6\">\n\n\t\t\t\t<div class=\"iconbox_inner h-100\">\n\n\t\t\t\t\t<div class=\"iconbox_content\">\n\n\t\t\t\t\t\t<span class=\"iconbox_headline\"><img decoding=\"async\" src=\"https:\/\/aixmanus.de\/wp-content\/uploads\/2023\/03\/baseline_groups_black_48dp-1.png\" alt=\"\"> PR\u00c4SENTATION<\/span>\n\n\t\t\t\t\t\t<span class=\"iconbox_description\">Im Rahmen der Beratungsdienstleistung, dem Kernst\u00fcck dieses Angebots, gehen wir \u00fcber das \u00fcbliche Ma\u00df hinaus. Unsere Leistung gliedert sich wie folgt:<br>\r\n&#8211; Vorstellung unserer Empfehlungen<br>\r\n&#8211; Begleitung bei der Einf\u00fchrung der neuen Ma\u00dfnahmen<br>\r\n&#8211; Dokumentation dieser Schritte<br>\r\n&#8211; Unterst\u00fctzung bei der Erkl\u00e4rung und Darstellung der Kernpunkte<br>\r\nUm diesen kostenintensiven Schritt der Beratung so kurz und effektiv wie m\u00f6glich zu halten, beraten wir m\u00f6glichst nur gezielt die verantwortlichen Personen und halten R\u00fccksprache \u00fcber die Erfolge und Misserfolge.<\/span>\n\n\t\t\t\t\t<\/div>\n\n\t\t\t\t<\/div>\n\n\t\t\t<\/div>\n\n\t\t\n\t\t\t<div class=\"iconbox_single col-lg-6\">\n\n\t\t\t\t<div class=\"iconbox_inner h-100\">\n\n\t\t\t\t\t<div class=\"iconbox_content\">\n\n\t\t\t\t\t\t<span class=\"iconbox_headline\"><img decoding=\"async\" src=\"https:\/\/aixmanus.de\/wp-content\/uploads\/2023\/03\/baseline_nightlife_black_48dp-1.png\" alt=\"\"> ABSCHLUSS<\/span>\n\n\t\t\t\t\t\t<span class=\"iconbox_description\">Nach erfolgreicher Integration der neuen Prozesse<br>\r\n&#8211; berechnen wir den Erfolg der Beratung<br>\r\n&#8211; pr\u00e4sentieren die Ergebnisse<br>\r\n&#8211; \u00fcbergeben die gesamte Dokumentation<br>\r\nWir behalten keine Unterlagen oder Daten eines abgeschlossenen Auftrags zur\u00fcck. Ausgenommen sind Dokumente mit gesetzlicher Aufbewahrungsfrist.<\/span>\n\n\t\t\t\t\t<\/div>\n\n\t\t\t\t<\/div>\n\n\t\t\t<\/div>\n\n\t\t\n<\/div>\n\n\n<div class=\"row\">\n\n\t<div class=\"col-lg-12\">\n\n\t\t<div class=\"textwrap\" style=\"column-count: 1\">\n\n\t\t\t<p>Diese Ablaufsbeschreibung stellt einen m\u00f6glichen Verlauf dar. Je nach Projektart und Situation kann davon abgewichen werden.<\/p>\n\n\t\t<\/div>\n\n\t<\/div>\n\n<\/div>\n\n\t<\/div>\n\n<\/div>\n\n\n<div style=\"height:30px\" aria-hidden=\"true\" class=\"wp-block-spacer\"><\/div>\n","protected":false},"excerpt":{"rendered":"","protected":false},"author":1,"featured_media":0,"parent":346,"menu_order":0,"comment_status":"closed","ping_status":"closed","template":"","meta":{"footnotes":""},"class_list":["post-344","page","type-page","status-publish","hentry"],"acf":[],"_links":{"self":[{"href":"https:\/\/aixmanus.de\/en\/wp-json\/wp\/v2\/pages\/344","targetHints":{"allow":["GET"]}}],"collection":[{"href":"https:\/\/aixmanus.de\/en\/wp-json\/wp\/v2\/pages"}],"about":[{"href":"https:\/\/aixmanus.de\/en\/wp-json\/wp\/v2\/types\/page"}],"author":[{"embeddable":true,"href":"https:\/\/aixmanus.de\/en\/wp-json\/wp\/v2\/users\/1"}],"replies":[{"embeddable":true,"href":"https:\/\/aixmanus.de\/en\/wp-json\/wp\/v2\/comments?post=344"}],"version-history":[{"count":0,"href":"https:\/\/aixmanus.de\/en\/wp-json\/wp\/v2\/pages\/344\/revisions"}],"up":[{"embeddable":true,"href":"https:\/\/aixmanus.de\/en\/wp-json\/wp\/v2\/pages\/346"}],"wp:attachment":[{"href":"https:\/\/aixmanus.de\/en\/wp-json\/wp\/v2\/media?parent=344"}],"curies":[{"name":"wp","href":"https:\/\/api.w.org\/{rel}","templated":true}]}}