{"id":345,"date":"2023-03-10T17:50:11","date_gmt":"2023-03-10T16:50:11","guid":{"rendered":"https:\/\/aixmanus.de\/ingenieurleistungen\/"},"modified":"2023-03-10T17:50:11","modified_gmt":"2023-03-10T16:50:11","slug":"ingenieurleistungen","status":"publish","type":"page","link":"https:\/\/aixmanus.de\/en\/angebot\/ingenieurleistungen\/","title":{"rendered":"Ingenieurleistungen"},"content":{"rendered":"\n<section class=\"banner\" style=\"height: 600px\">\n\t\n\t\n\t\t\t<div class=\"slide\" style=\"height: 600px\">\n\n\t\t\t\t<img decoding=\"async\" src=\"https:\/\/aixmanus.de\/wp-content\/uploads\/2023\/03\/vishnu-mohanan-pfR18JNEMv8-unsplash-scaled.jpg\" alt=\"\">\n\n\t\t\t\t<div class=\"slide_overlay\">\n\n\t\t\t\t\t<div class=\"container-fluid container-fluid-small h-100\">\n\n\t\t\t\t\t\t<div class=\"row h-100\">\n\n\t\t\t\t\t\t\t<div class=\"col-lg-12\">\n\n\t\t\t\t\t\t\t\t<div class=\"banner-content\">\n\n\t\t\t\t\t\t\t\t\t<span class=\"banner-headline\">Platinendesign und Layout<\/span>\n\n\t\t\t\t\t\t\t\t\t<span class=\"banner-subline\">Sie haben die Idee, wir das n\u00f6tige KnowHow<\/span>\n\n\t\t\t\t\t\t\t\t\t\n\t\t\t\t\t\t\t\t<\/div>\n\n\t\t\t\t\t\t\t<\/div>\n\n\t\t\t\t\t\t<\/div>\n\n\t\t\t\t\t<\/div>\n\n\t\t\t\t<\/div>\n\n\t\t\t<\/div>\n\n\t\t\n\t\t\t<div class=\"slide\" style=\"height: 600px\">\n\n\t\t\t\t<img decoding=\"async\" src=\"https:\/\/aixmanus.de\/wp-content\/uploads\/2023\/03\/charlesdeluvio-pjAH2Ax4uWk-unsplash-scaled.jpg\" alt=\"\">\n\n\t\t\t\t<div class=\"slide_overlay\">\n\n\t\t\t\t\t<div class=\"container-fluid container-fluid-small h-100\">\n\n\t\t\t\t\t\t<div class=\"row h-100\">\n\n\t\t\t\t\t\t\t<div class=\"col-lg-12\">\n\n\t\t\t\t\t\t\t\t<div class=\"banner-content\">\n\n\t\t\t\t\t\t\t\t\t<span class=\"banner-headline\">Implementierung<\/span>\n\n\t\t\t\t\t\t\t\t\t<span class=\"banner-subline\">Hardwarenah, ziel- und bedarfsorientiert<\/span>\n\n\t\t\t\t\t\t\t\t\t\n\t\t\t\t\t\t\t\t<\/div>\n\n\t\t\t\t\t\t\t<\/div>\n\n\t\t\t\t\t\t<\/div>\n\n\t\t\t\t\t<\/div>\n\n\t\t\t\t<\/div>\n\n\t\t\t<\/div>\n\n\t\t\n\t\t\t<div class=\"slide\" style=\"height: 600px\">\n\n\t\t\t\t<img decoding=\"async\" src=\"https:\/\/aixmanus.de\/wp-content\/uploads\/2023\/03\/slider_shrink.jpg\" alt=\"\">\n\n\t\t\t\t<div class=\"slide_overlay\">\n\n\t\t\t\t\t<div class=\"container-fluid container-fluid-small h-100\">\n\n\t\t\t\t\t\t<div class=\"row h-100\">\n\n\t\t\t\t\t\t\t<div class=\"col-lg-12\">\n\n\t\t\t\t\t\t\t\t<div class=\"banner-content\">\n\n\t\t\t\t\t\t\t\t\t<span class=\"banner-headline\">Komplexit\u00e4ts&shy;management<\/span>\n\n\t\t\t\t\t\t\t\t\t<span class=\"banner-subline\">Wege finden, Probleme l\u00f6sen<\/span>\n\n\t\t\t\t\t\t\t\t\t\n\t\t\t\t\t\t\t\t<\/div>\n\n\t\t\t\t\t\t\t<\/div>\n\n\t\t\t\t\t\t<\/div>\n\n\t\t\t\t\t<\/div>\n\n\t\t\t\t<\/div>\n\n\t\t\t<\/div>\n\n\t\t\n\t\t\t<div class=\"slide\" style=\"height: 600px\">\n\n\t\t\t\t<img decoding=\"async\" src=\"https:\/\/aixmanus.de\/wp-content\/uploads\/2023\/03\/brett-jordan-dZ7O2o-yHUY-unsplash-scaled.jpg\" alt=\"\">\n\n\t\t\t\t<div class=\"slide_overlay\">\n\n\t\t\t\t\t<div class=\"container-fluid container-fluid-small h-100\">\n\n\t\t\t\t\t\t<div class=\"row h-100\">\n\n\t\t\t\t\t\t\t<div class=\"col-lg-12\">\n\n\t\t\t\t\t\t\t\t<div class=\"banner-content\">\n\n\t\t\t\t\t\t\t\t\t<span class=\"banner-headline\">Industrie 4.0<\/span>\n\n\t\t\t\t\t\t\t\t\t<span class=\"banner-subline\">interdisziplin\u00e4re Vernetzung<\/span>\n\n\t\t\t\t\t\t\t\t\t\n\t\t\t\t\t\t\t\t<\/div>\n\n\t\t\t\t\t\t\t<\/div>\n\n\t\t\t\t\t\t<\/div>\n\n\t\t\t\t\t<\/div>\n\n\t\t\t\t<\/div>\n\n\t\t\t<\/div>\n\n\t\t\n\t\t\t<div class=\"slide\" style=\"height: 600px\">\n\n\t\t\t\t<img decoding=\"async\" src=\"https:\/\/aixmanus.de\/wp-content\/uploads\/2023\/03\/slider3_shrink-scaled.jpg\" alt=\"\">\n\n\t\t\t\t<div class=\"slide_overlay\">\n\n\t\t\t\t\t<div class=\"container-fluid container-fluid-small h-100\">\n\n\t\t\t\t\t\t<div class=\"row h-100\">\n\n\t\t\t\t\t\t\t<div class=\"col-lg-12\">\n\n\t\t\t\t\t\t\t\t<div class=\"banner-content\">\n\n\t\t\t\t\t\t\t\t\t<span class=\"banner-headline\">Programmierung<\/span>\n\n\t\t\t\t\t\t\t\t\t<span class=\"banner-subline\">Software made in Germany<\/span>\n\n\t\t\t\t\t\t\t\t\t\n\t\t\t\t\t\t\t\t<\/div>\n\n\t\t\t\t\t\t\t<\/div>\n\n\t\t\t\t\t\t<\/div>\n\n\t\t\t\t\t<\/div>\n\n\t\t\t\t<\/div>\n\n\t\t\t<\/div>\n\n\t\t\n\t\t\t<div class=\"slide\" style=\"height: 600px\">\n\n\t\t\t\t<img decoding=\"async\" src=\"https:\/\/aixmanus.de\/wp-content\/uploads\/2023\/03\/slider_2_shrink.jpg\" alt=\"\">\n\n\t\t\t\t<div class=\"slide_overlay\">\n\n\t\t\t\t\t<div class=\"container-fluid container-fluid-small h-100\">\n\n\t\t\t\t\t\t<div class=\"row h-100\">\n\n\t\t\t\t\t\t\t<div class=\"col-lg-12\">\n\n\t\t\t\t\t\t\t\t<div class=\"banner-content\">\n\n\t\t\t\t\t\t\t\t\t<span class=\"banner-headline\">Prozess&shy;optimierung<\/span>\n\n\t\t\t\t\t\t\t\t\t<span class=\"banner-subline\">So wenig wie m\u00f6glich, so viel wie n\u00f6tig<\/span>\n\n\t\t\t\t\t\t\t\t\t\n\t\t\t\t\t\t\t\t<\/div>\n\n\t\t\t\t\t\t\t<\/div>\n\n\t\t\t\t\t\t<\/div>\n\n\t\t\t\t\t<\/div>\n\n\t\t\t\t<\/div>\n\n\t\t\t<\/div>\n\n\t\t\n<\/section>\t\n\n\n<div style=\"height:30px\" aria-hidden=\"true\" class=\"wp-block-spacer\"><\/div>\n\n\n\n<div class=\"outer-wrapper force-white-color\" id=\"\">\n\n\t<div class=\"wrapper container\" style=\"padding:    ; background-color: rgba(8,40,40,0.8);\">\n\n\t\t\n\n<div class=\"row\">\n\n\t<div class=\"col-lg-12\">\n\n\t\t<div class=\"textwrap\" style=\"column-count: 1\">\n\n\t\t\t<h1>Entwicklungen und Ingenieurdienstleistungen<\/h1>\n<h2>Masterabschluss als Maschinenbauingenieur und<br \/>\nerfolgreicher Produktentwickler<\/h2>\n<p>Produktmanager seit mehr als 5 Jahren. Entwickelte Marken wie www.print2ccini.de und der Kopf hinter dem digital signage Konzept eInX. Justus vereint Elemente des klassischen Maschinenbaus mit kreativen Probleml\u00f6sungsstrategieen der agilen Produktentwicklung. Durch ein branchen\u00fcbergreifendes Know-how und der F\u00e4higkeit Menschen miteinander zu vernetzten, versteht er Synergieeffekte f\u00fcr eine zielorientierte Probleml\u00f6sung zu nutzen.<br \/>\nJustus Numrich sammelt seit nun mehr als einem halben Jahrzehnt Erfahrung als Entwicklungsingenieur.<\/p>\n<p>Profitieren auch Sie von unserem Know-how im Bereich der klassischen- oder agilen Produktentwicklung.<\/p>\n<p>Lassen Sie sich in einem pers\u00f6nlichen Gesp\u00e4ch \u00fcberzeugen.<\/p>\n\n\t\t<\/div>\n\n\t<\/div>\n\n<\/div>\n\n\n<div class=\"row\">\n\n\t\n\t\t\t<div class=\"iconbox_single col-lg-6\">\n\n\t\t\t\t<div class=\"iconbox_inner h-100\">\n\n\t\t\t\t\t<div class=\"iconbox_content\">\n\n\t\t\t\t\t\t<span class=\"iconbox_headline\"><img decoding=\"async\" src=\"https:\/\/aixmanus.de\/wp-content\/uploads\/2023\/03\/baseline_search_black_48dp-3.png\" alt=\"\"> KONZEPTERSTELLUNG<\/span>\n\n\t\t\t\t\t\t<span class=\"iconbox_description\">Der Einf\u00fchrungsteil gliedert sich wie folgt:<br>\r\n&#8211; Analyse der gestellten Aufgabe<br>\r\n&#8211; Branchenstrukturanalyse (Porter&#8217;s 5 Forces Modell)<br>\r\n&#8211; Aufbau eines Konzeptrahmens<br>\r\n&#8211; Strategieentwicklung (SWOT-Analyse) <\/span>\n\n\t\t\t\t\t<\/div>\n\n\t\t\t\t<\/div>\n\n\t\t\t<\/div>\n\n\t\t\n\t\t\t<div class=\"iconbox_single col-lg-6\">\n\n\t\t\t\t<div class=\"iconbox_inner h-100\">\n\n\t\t\t\t\t<div class=\"iconbox_content\">\n\n\t\t\t\t\t\t<span class=\"iconbox_headline\"><img decoding=\"async\" src=\"https:\/\/aixmanus.de\/wp-content\/uploads\/2023\/03\/baseline_map_black_48dp-3.png\" alt=\"\"> PR\u00c4SENTATION UND ABSTIMMUNG<\/span>\n\n\t\t\t\t\t\t<span class=\"iconbox_description\">Im zweiten Schritt werden wir:<br>\r\n&#8211; die M\u00f6glichkeiten vorstellen<br>\r\n&#8211; Risikobewertungen<br>\r\n&#8211; Erarbeitung eines Pflichtenheftes<\/span>\n\n\t\t\t\t\t<\/div>\n\n\t\t\t\t<\/div>\n\n\t\t\t<\/div>\n\n\t\t\n\t\t\t<div class=\"iconbox_single col-lg-6\">\n\n\t\t\t\t<div class=\"iconbox_inner h-100\">\n\n\t\t\t\t\t<div class=\"iconbox_content\">\n\n\t\t\t\t\t\t<span class=\"iconbox_headline\"><img decoding=\"async\" src=\"https:\/\/aixmanus.de\/wp-content\/uploads\/2023\/03\/baseline_handyman_black_48dp-2.png\" alt=\"\"> UMSETZUNG<\/span>\n\n\t\t\t\t\t\t<span class=\"iconbox_description\">Bei der Umsetzung sind folgende Schritte geplant:<br>\r\n&#8211; Verteilung der Zust\u00e4ndigkeiten<br>\r\n&#8211; \u00dcbergabe der Ressourcen und Aufgaben<br>\r\n&#8211; Ausf\u00fchrung und gegebenenfalls Integration in vorhandene Systeme<\/span>\n\n\t\t\t\t\t<\/div>\n\n\t\t\t\t<\/div>\n\n\t\t\t<\/div>\n\n\t\t\n\t\t\t<div class=\"iconbox_single col-lg-6\">\n\n\t\t\t\t<div class=\"iconbox_inner h-100\">\n\n\t\t\t\t\t<div class=\"iconbox_content\">\n\n\t\t\t\t\t\t<span class=\"iconbox_headline\"><img decoding=\"async\" src=\"https:\/\/aixmanus.de\/wp-content\/uploads\/2023\/03\/baseline_group_black_48dp-2.png\" alt=\"\"> ANSCHLUSSKOOPERATION<\/span>\n\n\t\t\t\t\t\t<span class=\"iconbox_description\">Abschlie\u00dfend werden wir:<br>\r\n&#8211; das gesamte Projekt von Ihnen abnehmen lassen<br>\r\n&#8211; die Dokumentation \u00fcbergeben<br>\r\n&#8211; die weiteren Kooperations-Optionen darlegen <\/span>\n\n\t\t\t\t\t<\/div>\n\n\t\t\t\t<\/div>\n\n\t\t\t<\/div>\n\n\t\t\n<\/div>\n\n\n<div class=\"row\">\n\n\t<div class=\"col-lg-12\">\n\n\t\t<div class=\"textwrap\" style=\"column-count: 1\">\n\n\t\t\t<p>Diese Ablaufsbeschreibung stellt einen m\u00f6glichen Verlauf dar. Je nach Projektart und Situation kann davon abgewichen werden.<\/p>\n\n\t\t<\/div>\n\n\t<\/div>\n\n<\/div>\n\n\t<\/div>\n\n<\/div>\n\n\n<div style=\"height:30px\" aria-hidden=\"true\" class=\"wp-block-spacer\"><\/div>\n","protected":false},"excerpt":{"rendered":"","protected":false},"author":1,"featured_media":0,"parent":346,"menu_order":0,"comment_status":"closed","ping_status":"closed","template":"","meta":{"footnotes":""},"class_list":["post-345","page","type-page","status-publish","hentry"],"acf":[],"_links":{"self":[{"href":"https:\/\/aixmanus.de\/en\/wp-json\/wp\/v2\/pages\/345","targetHints":{"allow":["GET"]}}],"collection":[{"href":"https:\/\/aixmanus.de\/en\/wp-json\/wp\/v2\/pages"}],"about":[{"href":"https:\/\/aixmanus.de\/en\/wp-json\/wp\/v2\/types\/page"}],"author":[{"embeddable":true,"href":"https:\/\/aixmanus.de\/en\/wp-json\/wp\/v2\/users\/1"}],"replies":[{"embeddable":true,"href":"https:\/\/aixmanus.de\/en\/wp-json\/wp\/v2\/comments?post=345"}],"version-history":[{"count":0,"href":"https:\/\/aixmanus.de\/en\/wp-json\/wp\/v2\/pages\/345\/revisions"}],"up":[{"embeddable":true,"href":"https:\/\/aixmanus.de\/en\/wp-json\/wp\/v2\/pages\/346"}],"wp:attachment":[{"href":"https:\/\/aixmanus.de\/en\/wp-json\/wp\/v2\/media?parent=345"}],"curies":[{"name":"wp","href":"https:\/\/api.w.org\/{rel}","templated":true}]}}