{"id":347,"date":"2023-03-10T17:48:55","date_gmt":"2023-03-10T16:48:55","guid":{"rendered":"https:\/\/aixmanus.de\/angebot\/datenschutz-consulting\/"},"modified":"2023-03-10T17:48:55","modified_gmt":"2023-03-10T16:48:55","slug":"datenschutz-consulting","status":"publish","type":"page","link":"https:\/\/aixmanus.de\/en\/angebot\/datenschutz-consulting\/","title":{"rendered":"Datenschutz Consulting"},"content":{"rendered":"\n<section class=\"banner\" style=\"height: 600px\">\n\t\n\t\n\t\t\t<div class=\"slide\" style=\"height: 600px\">\n\n\t\t\t\t<img decoding=\"async\" src=\"https:\/\/aixmanus.de\/wp-content\/uploads\/2023\/03\/sunrise-2224942_1200x714.png\" alt=\"\">\n\n\t\t\t\t<div class=\"slide_overlay\">\n\n\t\t\t\t\t<div class=\"container-fluid container-fluid-small h-100\">\n\n\t\t\t\t\t\t<div class=\"row h-100\">\n\n\t\t\t\t\t\t\t<div class=\"col-lg-12\">\n\n\t\t\t\t\t\t\t\t<div class=\"banner-content\">\n\n\t\t\t\t\t\t\t\t\t<span class=\"banner-headline\">Ressourcen<\/span>\n\n\t\t\t\t\t\t\t\t\t<span class=\"banner-subline\">Unsere Produkte werden ressourcenschonend konzipiert<\/span>\n\n\t\t\t\t\t\t\t\t\t\n\t\t\t\t\t\t\t\t<\/div>\n\n\t\t\t\t\t\t\t<\/div>\n\n\t\t\t\t\t\t<\/div>\n\n\t\t\t\t\t<\/div>\n\n\t\t\t\t<\/div>\n\n\t\t\t<\/div>\n\n\t\t\n\t\t\t<div class=\"slide\" style=\"height: 600px\">\n\n\t\t\t\t<img decoding=\"async\" src=\"https:\/\/aixmanus.de\/wp-content\/uploads\/2023\/03\/castle-5745011_1200x800.png\" alt=\"\">\n\n\t\t\t\t<div class=\"slide_overlay\">\n\n\t\t\t\t\t<div class=\"container-fluid container-fluid-small h-100\">\n\n\t\t\t\t\t\t<div class=\"row h-100\">\n\n\t\t\t\t\t\t\t<div class=\"col-lg-12\">\n\n\t\t\t\t\t\t\t\t<div class=\"banner-content\">\n\n\t\t\t\t\t\t\t\t\t<span class=\"banner-headline\">Sicherheit<\/span>\n\n\t\t\t\t\t\t\t\t\t<span class=\"banner-subline\">Unsere Systeme werden permanent gesichtert und \u00fcberpr\u00fcft<\/span>\n\n\t\t\t\t\t\t\t\t\t\n\t\t\t\t\t\t\t\t<\/div>\n\n\t\t\t\t\t\t\t<\/div>\n\n\t\t\t\t\t\t<\/div>\n\n\t\t\t\t\t<\/div>\n\n\t\t\t\t<\/div>\n\n\t\t\t<\/div>\n\n\t\t\n<\/section>\t\n\n\n<div style=\"height:30px\" aria-hidden=\"true\" class=\"wp-block-spacer\"><\/div>\n\n\n\n<div class=\"outer-wrapper force-white-color\" id=\"\">\n\n\t<div class=\"wrapper container\" style=\"padding:    ; background-color: rgba(8,40,40,0.8);\">\n\n\t\t\n\n<div class=\"row\">\n\n\t<div class=\"col-lg-12\">\n\n\t\t<div class=\"textwrap\" style=\"column-count: 1\">\n\n\t\t\t<h1>Consulting f\u00fcr Datenschutz<\/h1>\n<h2>Zust\u00e4ndig seit mehr als 3 Jahren f\u00fcr \u00fcber 3000 Besch\u00e4ftigte!<\/h2>\n<p>Aixmanus bietet Beratung f\u00fcr Kunden und Mandanten rund um das Thema Datenschutz.<\/p>\n<p>Das umfasst eine Analyse Ihrer vorhandenen Systeme, die Bereitstellung von Datenschutz-Dokumentationen und die Fortbildung Ihrer Angestellten zur Sensibilisierung f\u00fcr die Relevanz des Themas. Des Weiteren werten wir alle gesammelten Informationen aus und erstellen ein Lastenheft zur Einhaltung der DSGVO (Datenschutzgrundverordnung) und dem BDSG (Bundesdatenschutzgesetz).<\/p>\n<p>Optional erstellen wir auch ein Konzept zur Umsetzung des Lastenhefts und begleiten Sie auf dem Weg in eine DSGVO-konforme Zukunft. PROFITIEREN SIE DOPPELT: Die Umsetzung einer rechtskonformen Datenschutzstruktur dient nicht nur der Verhinderung von Datenlecks, Strafen und Imageverlust, sondern schafft gleichzeitig schlanke und standardisierte Unternehmensprozesse. Als Konsequenz k\u00f6nnen Kosteneinsparungen und Produktivit\u00e4tssteigerungen realisiert werden. IHR LEISTUNGSPAKET IM DATENSCHUTZ<\/p>\n\n\t\t<\/div>\n\n\t<\/div>\n\n<\/div>\n\n\n<div class=\"row\">\n\n\t\n\t\t\t<div class=\"iconbox_single col-lg-6\">\n\n\t\t\t\t<div class=\"iconbox_inner h-100\">\n\n\t\t\t\t\t<div class=\"iconbox_content\">\n\n\t\t\t\t\t\t<span class=\"iconbox_headline\"><img decoding=\"async\" src=\"https:\/\/aixmanus.de\/wp-content\/uploads\/2023\/03\/baseline_mode_edit_white_48dp.png\" alt=\"\"> EINSCH\u00c4TZUNG UND BEWERTUNG<\/span>\n\n\t\t\t\t\t\t<span class=\"iconbox_description\">Am Anfang steht die Erstaufnahme, d.h. eine komplette Analyse zum Datenschutz in Ihrem Unternehmen. Eine Aufstellung der notwendigen Ma\u00dfnahmen zum Schutz vor Datenvergehen folgt daraufhin. Durch die bisherige Arbeit mit vielen Unternehmen konnten wir unser Pr\u00fcfkonzept immer weiter verfeinern und verbessern. So greifen wir heute auf ein standardisiertes Verfahren zur\u00fcck, dass eine schnelle und effektive Durchf\u00fchrung garantiert.<\/span>\n\n\t\t\t\t\t<\/div>\n\n\t\t\t\t<\/div>\n\n\t\t\t<\/div>\n\n\t\t\n\t\t\t<div class=\"iconbox_single col-lg-6\">\n\n\t\t\t\t<div class=\"iconbox_inner h-100\">\n\n\t\t\t\t\t<div class=\"iconbox_content\">\n\n\t\t\t\t\t\t<span class=\"iconbox_headline\"><img decoding=\"async\" src=\"https:\/\/aixmanus.de\/wp-content\/uploads\/2023\/03\/baseline_auto_stories_white_48dp.png\" alt=\"\"> UMSETZUNG DER MASSNAHMEN<\/span>\n\n\t\t\t\t\t\t<span class=\"iconbox_description\">Im zweiten Schritt folgt die Erstellung von Erkl\u00e4rungen, Arbeitsanweisungen und weiteren Dokumentationen zum Datenschutz. Da sich die grundlegende Dokumentation in fast allen Unternehmen wiederholt, berechnen wir hier nur einen minimalen Satz f\u00fcr Anpassung und Ausfertigung. Unser Ziel ist keine exorbitante Berechnung, sondern der Aufbau langfristiger Gesch\u00e4ftsbeziehungen. <\/span>\n\n\t\t\t\t\t<\/div>\n\n\t\t\t\t<\/div>\n\n\t\t\t<\/div>\n\n\t\t\n\t\t\t<div class=\"iconbox_single col-lg-6\">\n\n\t\t\t\t<div class=\"iconbox_inner h-100\">\n\n\t\t\t\t\t<div class=\"iconbox_content\">\n\n\t\t\t\t\t\t<span class=\"iconbox_headline\"><img decoding=\"async\" src=\"https:\/\/aixmanus.de\/wp-content\/uploads\/2023\/03\/baseline_school_white_48dp.png\" alt=\"\"> MITARBEITERSCHULUNGEN<\/span>\n\n\t\t\t\t\t\t<span class=\"iconbox_description\">Wir f\u00fchren Schulungen von Mitarbeitergruppen in beliebiger Gr\u00f6\u00dfe durch. Thematisch werden der Datenschutz allgemein und der Datenschutz speziell im Unternehmen behandelt. Dabei gehen wir direkt auf die Teilnehmer ein und kl\u00e4ren alle R\u00fcckfragen. Wenn Ihre Kollegen und Mitarbeiter den Datenschutz und den Sinn dieser Verordnung verstehen, ist Ihr Unternehmen um ein Vielfaches sicherer!\r\n<\/span>\n\n\t\t\t\t\t<\/div>\n\n\t\t\t\t<\/div>\n\n\t\t\t<\/div>\n\n\t\t\n\t\t\t<div class=\"iconbox_single col-lg-6\">\n\n\t\t\t\t<div class=\"iconbox_inner h-100\">\n\n\t\t\t\t\t<div class=\"iconbox_content\">\n\n\t\t\t\t\t\t<span class=\"iconbox_headline\"><img decoding=\"async\" src=\"https:\/\/aixmanus.de\/wp-content\/uploads\/2023\/03\/baseline_email_white_48dp.png\" alt=\"\"> VERHANDLUNG MIT DEN BEH\u00d6RDEN<\/span>\n\n\t\t\t\t\t\t<span class=\"iconbox_description\">Strategische Unterst\u00fctzung bei der Verhandlung mit den zust\u00e4ndigen Beh\u00f6rden im Fall einer vorliegenden Beschwerde ist ebenfalls im Paket inbegriffen. Durch das Mitwirken an der Aufkl\u00e4rung verschiedener Datenschutz-Beschwerdef\u00e4lle in Deutschland verf\u00fcgen wir bereits \u00fcber grundlegende und weiterf\u00fchrende Erfahrungen in diesem noch jungen Thema der Rechtsprechung. <\/span>\n\n\t\t\t\t\t<\/div>\n\n\t\t\t\t<\/div>\n\n\t\t\t<\/div>\n\n\t\t\n<\/div>\n\n\t<\/div>\n\n<\/div>\n\n\n<div style=\"height:30px\" aria-hidden=\"true\" class=\"wp-block-spacer\"><\/div>\n","protected":false},"excerpt":{"rendered":"","protected":false},"author":1,"featured_media":0,"parent":346,"menu_order":0,"comment_status":"closed","ping_status":"closed","template":"","meta":{"footnotes":""},"class_list":["post-347","page","type-page","status-publish","hentry"],"acf":[],"_links":{"self":[{"href":"https:\/\/aixmanus.de\/en\/wp-json\/wp\/v2\/pages\/347","targetHints":{"allow":["GET"]}}],"collection":[{"href":"https:\/\/aixmanus.de\/en\/wp-json\/wp\/v2\/pages"}],"about":[{"href":"https:\/\/aixmanus.de\/en\/wp-json\/wp\/v2\/types\/page"}],"author":[{"embeddable":true,"href":"https:\/\/aixmanus.de\/en\/wp-json\/wp\/v2\/users\/1"}],"replies":[{"embeddable":true,"href":"https:\/\/aixmanus.de\/en\/wp-json\/wp\/v2\/comments?post=347"}],"version-history":[{"count":0,"href":"https:\/\/aixmanus.de\/en\/wp-json\/wp\/v2\/pages\/347\/revisions"}],"up":[{"embeddable":true,"href":"https:\/\/aixmanus.de\/en\/wp-json\/wp\/v2\/pages\/346"}],"wp:attachment":[{"href":"https:\/\/aixmanus.de\/en\/wp-json\/wp\/v2\/media?parent=347"}],"curies":[{"name":"wp","href":"https:\/\/api.w.org\/{rel}","templated":true}]}}