{"id":350,"date":"2023-03-10T16:58:07","date_gmt":"2023-03-10T15:58:07","guid":{"rendered":"https:\/\/aixmanus.de\/impressum\/"},"modified":"2023-03-10T16:58:07","modified_gmt":"2023-03-10T15:58:07","slug":"impressum","status":"publish","type":"page","link":"https:\/\/aixmanus.de\/en\/impressum\/","title":{"rendered":"Impressum"},"content":{"rendered":"\n<div class=\"outer-wrapper force-white-color\" id=\"\">\n\n\t<div class=\"wrapper container\" style=\"padding: 180px 15px 50px 15px; background-color: rgba(8,40,40,0.8);\">\n\n\t\t\n\n<div class=\"row\">\n\n\t<div class=\"col-lg-12\">\n\n\t\t<div class=\"textwrap\" style=\"column-count: 1\">\n\n\t\t\t<h1>Impressum<\/h1>\n<h2>AixManus UG<\/h2>\n<p><strong>Dienstanbieter:<\/strong><br \/>\nAixManus UG (haftungsbeschr\u00e4nkt)<\/p>\n<p><strong>Adresse:<\/strong><br \/>\nHasencleverstra\u00dfe 9<br \/>\n42659 Solingen<br \/>\nNRW, Germany<\/p>\n<p><strong>Handelsregister:<\/strong><br \/>\nGermany Wuppertal: HRB 31259<\/p>\n<p><strong>UstID:<\/strong><br \/>\nDE338066541<\/p>\n<p><strong>Gesch\u00e4ftsf\u00fchrer:<\/strong><br \/>\nJustus Numrich<br \/>\nLars Hendrik Klug<\/p>\n<p><strong>E-Mail Kontakt:<\/strong><br \/>\ninfo@aixmanus.de<br \/>\nwww.aixmanus.de<\/p>\n<h2>Haftungsausschluss<\/h2>\n<h3>Haftung f\u00fcr Inhalte<\/h3>\n<p>Die Inhalte dieser Webseite wurden sorgf\u00e4ltig und nach aktuellem Kenntnisstand des Autors<br \/>\nerstellt. Wir sind als Dienstanbieter f\u00fcr diese nur im Rahmen der allgemeinen Gesetze<br \/>\nverantwortlich, insbesondere f\u00fcr eigene Inhalte nach \u00a7 7 TMG, f\u00fcr fremde Inhalte gem. \u00a7\u00a7<br \/>\n8 \u2013 10 TMG. Als Diensteanbieter sind wir f\u00fcr fremde Inhalte fr\u00fchestens ab Kenntniserlangung<br \/>\neiner konkreten Rechtsverletzung verantwortlich. Wir behalten uns vor, die<br \/>\ninformatorischen Inhalte vollst\u00e4ndig oder teilweise zu \u00e4ndern oder l\u00f6schen, soweit vertragliche Verpflichtungen unber\u00fchrt bleiben.<\/p>\n<h3>Verweisung auf fremde Seiten<\/h3>\n<p>Inhalte fremder Webseiten, auf die wir direkt oder indirekt verweisen (durch \u201eHyperlinks\u201c oder \u201eDeeplinks\u201c), liegen au\u00dferhalb unseres Verantwortungsbereiches und machen wir uns nicht zu Eigen. Zum Zeitpunkt der Linksetzung waren f\u00fcr uns keine illegalen Inhalte auf den verlinkten Webseiten erkennbar. Da wir auf die aktuelle und zuk\u00fcnftige Gestaltung die Inhalte der verlinkten Webseiten keinerlei Einfluss haben, distanzieren wir uns ausdr\u00fccklich von allen Inhalten verlinkter Webseiten, die nach der Linksetzung ver\u00e4ndert wurden. F\u00fcr alle Inhalte und insbesondere f\u00fcr Sch\u00e4den, die aus der Nutzung der in den verlinkten Webseiten aufrufbaren Informationen entstehen, haftet allein der Anbieter der Seite, auf welche verlinkt wurde. Erhalten wir von illegalen, rechtswidrigen oder fehlerhaften Inhalten auf Webseiten Kenntnis, die wir verlinken, werden wir die Verlinkung aufheben.<\/p>\n<h3>Urheberrechte<\/h3>\n<p>Alle auf dieser Webseite dargestellten Inhalte, also insbesondere Texte, Bilder, Fotos, grafische Darstellungen, Musiken, Marken, Warenzeichen, unterliegen den Normen des deutschen Urheberrechts. Die Verwendung, Vervielf\u00e4ltigung usw. unterliegt den Rechten der jeweiligen Urheber bzw. Rechteverwalter. Wenn Sie solche Werke verwenden wollen, werden wir auf Anfrage gerne den Kontakt zum jeweiligen Urheber\/Rechteverwalter herstellen.<\/p>\n<p><strong>Bildquellen<\/strong>:<br \/>\nwww.pixabay.com<br \/>\nwww.freepik.com<br \/>\nwww.unsplash.com<\/p>\n<p><a href=\"https:\/\/fd-websolutions.de\" target=\"_blank\" rel=\"noopener\">Webentwicklung powered by FD-Websolutions<\/a><\/p>\n\n\t\t<\/div>\n\n\t<\/div>\n\n<\/div>\n\n\t<\/div>\n\n<\/div>","protected":false},"excerpt":{"rendered":"","protected":false},"author":1,"featured_media":0,"parent":0,"menu_order":0,"comment_status":"closed","ping_status":"closed","template":"","meta":{"footnotes":""},"class_list":["post-350","page","type-page","status-publish","hentry"],"acf":[],"_links":{"self":[{"href":"https:\/\/aixmanus.de\/en\/wp-json\/wp\/v2\/pages\/350","targetHints":{"allow":["GET"]}}],"collection":[{"href":"https:\/\/aixmanus.de\/en\/wp-json\/wp\/v2\/pages"}],"about":[{"href":"https:\/\/aixmanus.de\/en\/wp-json\/wp\/v2\/types\/page"}],"author":[{"embeddable":true,"href":"https:\/\/aixmanus.de\/en\/wp-json\/wp\/v2\/users\/1"}],"replies":[{"embeddable":true,"href":"https:\/\/aixmanus.de\/en\/wp-json\/wp\/v2\/comments?post=350"}],"version-history":[{"count":0,"href":"https:\/\/aixmanus.de\/en\/wp-json\/wp\/v2\/pages\/350\/revisions"}],"wp:attachment":[{"href":"https:\/\/aixmanus.de\/en\/wp-json\/wp\/v2\/media?parent=350"}],"curies":[{"name":"wp","href":"https:\/\/api.w.org\/{rel}","templated":true}]}}