{"id":351,"date":"2023-03-10T16:11:49","date_gmt":"2023-03-10T15:11:49","guid":{"rendered":"https:\/\/aixmanus.de\/startseite\/"},"modified":"2023-07-17T12:42:25","modified_gmt":"2023-07-17T10:42:25","slug":"startseite","status":"publish","type":"page","link":"https:\/\/aixmanus.de\/en\/","title":{"rendered":"Startseite"},"content":{"rendered":"\n<section class=\"banner\" style=\"height: 600px\">\n\t\n\t\n\t\t\t<div class=\"slide\" style=\"height: 600px\">\n\n\t\t\t\t<img decoding=\"async\" src=\"https:\/\/aixmanus.de\/wp-content\/uploads\/2023\/03\/vishnu-mohanan-pfR18JNEMv8-unsplash-scaled.jpg\" alt=\"\">\n\n\t\t\t\t<div class=\"slide_overlay\">\n\n\t\t\t\t\t<div class=\"container-fluid container-fluid-small h-100\">\n\n\t\t\t\t\t\t<div class=\"row h-100\">\n\n\t\t\t\t\t\t\t<div class=\"col-lg-12\">\n\n\t\t\t\t\t\t\t\t<div class=\"banner-content\">\n\n\t\t\t\t\t\t\t\t\t<span class=\"banner-headline\">Entwicklungs&shy;dienstleistungen<\/span>\n\n\t\t\t\t\t\t\t\t\t<span class=\"banner-subline\">rapid prototyping | Produktdesign &#038; Entwicklung nach VDI2221<\/span>\n\n\t\t\t\t\t\t\t\t\t\n\t\t\t\t\t\t\t\t<\/div>\n\n\t\t\t\t\t\t\t<\/div>\n\n\t\t\t\t\t\t<\/div>\n\n\t\t\t\t\t<\/div>\n\n\t\t\t\t<\/div>\n\n\t\t\t<\/div>\n\n\t\t\n<\/section>\t\n\n\n<div style=\"height:30px\" aria-hidden=\"true\" class=\"wp-block-spacer\"><\/div>\n\n\n\n<div class=\"outer-wrapper force-white-color\" id=\"ueber-uns\">\n\n\t<div class=\"wrapper container\" style=\"padding:    ; background-color: rgba(8,40,40,0.8);\">\n\n\t\t\n\n<div class=\"row\">\n\n\t<div class=\"col-lg-12\">\n\n\t\t<div class=\"textwrap\" style=\"column-count: 1\">\n\n\t\t\t<div class=\"section-heading\">\n<p>\u00dcber AIXMANUS<\/p>\n<h2>Start-Up 2020 in NRW<\/h2>\n<\/div>\n\n\t\t<\/div>\n\n\t<\/div>\n\n<\/div>\n\n\n<div style=\"height:15px\" aria-hidden=\"true\" class=\"wp-block-spacer\"><\/div>\n\n\n\n<div class=\"wp-block-columns is-layout-flex wp-container-core-columns-is-layout-9d6595d7 wp-block-columns-is-layout-flex\">\n<div class=\"wp-block-column is-layout-flow wp-block-column-is-layout-flow\">\n<div class=\"row\">\n\n\t\n\t\t\t<div class=\"iconbox_single col-lg-6\">\n\n\t\t\t\t<div class=\"iconbox_inner h-100\">\n\n\t\t\t\t\t<div class=\"iconbox_content\">\n\n\t\t\t\t\t\t<span class=\"iconbox_headline\"><img decoding=\"async\" src=\"https:\/\/aixmanus.de\/wp-content\/uploads\/2023\/03\/baseline_group_white_48dp.png\" alt=\"\"> Individuell<\/span>\n\n\t\t\t\t\t\t<span class=\"iconbox_description\">Unabh\u00e4ngige, nachhaltige Systeme &#8211; auf Ihre Bed\u00fcrfnisse angepasst. Durch den Dialog mit unseren Kunden erm\u00f6glichen wir eine langlebige, robuste Konzeption &#8211; ganz in Ihrem Sinne.<\/span>\n\n\t\t\t\t\t<\/div>\n\n\t\t\t\t<\/div>\n\n\t\t\t<\/div>\n\n\t\t\n\t\t\t<div class=\"iconbox_single col-lg-6\">\n\n\t\t\t\t<div class=\"iconbox_inner h-100\">\n\n\t\t\t\t\t<div class=\"iconbox_content\">\n\n\t\t\t\t\t\t<span class=\"iconbox_headline\"><img decoding=\"async\" src=\"https:\/\/aixmanus.de\/wp-content\/uploads\/2023\/03\/baseline_nature_white_48dp.png\" alt=\"\"> Leidenschaftlich<\/span>\n\n\t\t\t\t\t\t<span class=\"iconbox_description\">Wir stehen hinter unseren Entwicklungen und an Ihrer Seite. Dazu bieten hochwertige Produkte und einen begleitenden und umfangreichen Service.<\/span>\n\n\t\t\t\t\t<\/div>\n\n\t\t\t\t<\/div>\n\n\t\t\t<\/div>\n\n\t\t\n\t\t\t<div class=\"iconbox_single col-lg-6\">\n\n\t\t\t\t<div class=\"iconbox_inner h-100\">\n\n\t\t\t\t\t<div class=\"iconbox_content\">\n\n\t\t\t\t\t\t<span class=\"iconbox_headline\"><img decoding=\"async\" src=\"https:\/\/aixmanus.de\/wp-content\/uploads\/2023\/03\/baseline_dynamic_feed_white_48dp.png\" alt=\"\"> Dynamisch<\/span>\n\n\t\t\t\t\t\t<span class=\"iconbox_description\">Alle L\u00f6sungen werden modular konzipiert, funktionieren im Cluster und sind skalierbar.<\/span>\n\n\t\t\t\t\t<\/div>\n\n\t\t\t\t<\/div>\n\n\t\t\t<\/div>\n\n\t\t\n\t\t\t<div class=\"iconbox_single col-lg-6\">\n\n\t\t\t\t<div class=\"iconbox_inner h-100\">\n\n\t\t\t\t\t<div class=\"iconbox_content\">\n\n\t\t\t\t\t\t<span class=\"iconbox_headline\"><img decoding=\"async\" src=\"https:\/\/aixmanus.de\/wp-content\/uploads\/2023\/03\/baseline_precision_manufacturing_white_48dp.png\" alt=\"\"> Innovativ<\/span>\n\n\t\t\t\t\t\t<span class=\"iconbox_description\">Alle Produkte basieren auf den neuesten Technologien und werden st\u00e4ndig weiter entwickelt.<\/span>\n\n\t\t\t\t\t<\/div>\n\n\t\t\t\t<\/div>\n\n\t\t\t<\/div>\n\n\t\t\n<\/div><\/div>\n\n\n\n<div class=\"wp-block-column is-layout-flow wp-block-column-is-layout-flow\">\n<div class=\"row\">\n\n\t<div class=\"col-lg-12\">\n\n\t\t<div class=\"textwrap\" style=\"column-count: 1\">\n\n\t\t\t<p>AixManus wurde 2020 von Justus Numrich und Lars Klug mit dem Ziel gegr\u00fcndet, Innovationen und Dienstleistungen zu entwickeln, die optimal auf die dynamischen Anforderungen und Bed\u00fcrfnisse der Kunden zugeschnitten sind. Ob im Bereich Digital Signage, Hardware- oder Softwareentwicklung &#8211; durch unser interdisziplin\u00e4res Team k\u00f6nnen wir ein breites Aufgabenspektrum aus dem Bereich der Industrie 4.0 abdecken.<\/p>\n<p>F\u00fcr uns steht best\u00e4ndiges und gesundes Wachstum durch erfolgreiche Gesch\u00e4ftsbeziehungen und starke Partner im Fokus.<\/p>\n<p><a><strong>Unser Ziel<\/strong>:<\/a> f\u00fcr unsere Kunden ein wichtiger Technologie-Lieferant zu werden.<\/p>\n<p><a><strong>Unser Markenzeichen<\/strong>: Ganzheitliche Kundenbetreuung aus einer Hand. Dazu werden alle unsere Produkte in Deutschland und Europa geplant, konzipiert und hergestellt. <\/a><\/p>\n<p><a>Dabei steht die Flexibilit\u00e4t und ein kontinuierlicher Verbesserungsprozess f\u00fcr uns im Vordergrund.<\/a><\/p>\n<p><strong>synergy in development.<\/strong><br \/>\n<strong>quality in detail.<\/strong><\/p>\n\n\t\t<\/div>\n\n\t<\/div>\n\n<\/div><\/div>\n<\/div>\n\n\n\t<\/div>\n\n<\/div>\n\n\n<div style=\"height:50px\" aria-hidden=\"true\" class=\"wp-block-spacer\"><\/div>\n\n\n\n<div class=\"outer-wrapper force-white-color\" id=\"\">\n\n\t<div class=\"wrapper container\" style=\"padding:    ; background-color: rgba(8,40,40,0.8);\">\n\n\t\t\n\n<div class=\"row\">\n\n\t<div class=\"col-lg-12\">\n\n\t\t<div class=\"textwrap\" style=\"column-count: 1\">\n\n\t\t\t<p style=\"text-align: center;\">Jung, belastbar, innovativ, dynamisch und kreativ<\/p>\n<h2 style=\"text-align: center;\">DAS TEAM VON AIXMANUS<\/h2>\n\n\t\t<\/div>\n\n\t<\/div>\n\n<\/div>\n\n\n<div style=\"height:50px\" aria-hidden=\"true\" class=\"wp-block-spacer\"><\/div>\n\n\n<div class=\"teammember horizontal\">\n\n\t<div class=\"row slide_items\">\n\n\t\t\n\t\t\t\t<div class=\"teammember-single\">\n\n\t\t\t\t\t<div class=\"teammember-single-inner\">\n\n\t\t\t\t\t\t<div class=\"teammember-image\">\n\t\t\t\t\t\t\t<img decoding=\"async\" src=\"https:\/\/aixmanus.de\/wp-content\/uploads\/2023\/07\/justus_website_847x891px.jpg\" alt=\"\">\n\n\t\t\t\t\t\t\t<div class=\"teammember-description\">\n\t\t\t\t\t\t\t\tAls studierter Ingenieur und Produktmanager der Kopf hinter dem Bereich digital signage. Immer auf der Suche nach Herausforderungen, entwickelte er im  Rahmen seiner 5-j\u00e4hrigen T\u00e4tigkeit erst als wissenschaftlicher Mitarbeiter, sp\u00e4ter als Entwicklungsingenieur bei der XGraphic GmbH das Produkt eInX und entschied sich 2020 im Rahmen der AixManus UG  seine eigenen Entwicklungen, Dienstleistungen und Produkte anzubieten.\n\t\t\t\t\t\t\t\t<ul class=\"social\">\n\t\t\t\t\t\t\t\t\t\t\t\t\t\t\t\t\t\t\t<li><a href=\"https:\/\/www.facebook.com\/justus.numrich\/\" target=\"_blank\"><i class=\"fab fa-facebook-square\"><\/i><\/a><\/li>\n\t\t\t\t\t\t\t\t\t\t\t\t\t\t\t\t\t\t\t\t\t\t\t\t\t\t<\/ul>\n\t\t\t\t\t\t\t<\/div>\n\t\t\t\t\t\t<\/div>\n\n\t\t\t\t\t\t<strong class=\"teammember-name\">Justus Numrich<\/strong>\n\n\t\t\t\t\t\t<span class=\"teammember-position\">Entwicklung<\/span>\n\n\t\t\t\t\t\t<div class=\"teammember-contact\">\n\n\t\t\t\t\t\t\t\n\t\t\t\t\t\t\t\n\t\t\t\t\t\t<\/div>\n\n\t\t\t\t\t\t\t\t\t\t\t\t\n\n\t\t\t\t\t<\/div>\n\n\t\t\t\t<\/div>\n\n\t\t\t\n\t\t\t\t<div class=\"teammember-single\">\n\n\t\t\t\t\t<div class=\"teammember-single-inner\">\n\n\t\t\t\t\t\t<div class=\"teammember-image\">\n\t\t\t\t\t\t\t<img decoding=\"async\" src=\"https:\/\/aixmanus.de\/wp-content\/uploads\/2023\/03\/lars_847x991.png\" alt=\"\">\n\n\t\t\t\t\t\t\t<div class=\"teammember-description\">\n\t\t\t\t\t\t\t\tAls Kaufmann im Gro\u00df- und Au\u00dfenhandel steht Lars nicht nur f\u00fcr Kontiuit\u00e4t und Exaktheit, sondern auch f\u00fcr kreative Denk- und Schaffensprozesse. Durch seine 10-j\u00e4hrige Erfahrung in Vertrieb und Projektleitung international agierender Unternehmen, f\u00fcllt er neben dem kaufm\u00e4nnischen und buchhalterischen Teil auch die wichtige Rolle des Probleml\u00f6sers und kreativen Ansprechpartners aus. Nun im eigenen Auftrag in den Bereichen Datenschutz, Vertriebs-Consulting, Projektmanagement  unterwegs.\n\t\t\t\t\t\t\t\t<ul class=\"social\">\n\t\t\t\t\t\t\t\t\t\t\t\t\t\t\t\t\t\t\t<li><a href=\"https:\/\/www.facebook.com\/lars.klug.52\/\" target=\"_blank\"><i class=\"fab fa-facebook-square\"><\/i><\/a><\/li>\n\t\t\t\t\t\t\t\t\t\t\t\t\t\t\t\t\t\t\t\t\t\t\t\t\t\t\t\t<li><a href=\"https:\/\/www.linkedin.com\/in\/lars-klug-10b4b9a9\/\" target=\"_blank\"><i class=\"fab fa-linkedin\"><\/i><\/a><\/li>\n\t\t\t\t\t\t\t\t\t\t\t\t\t\t\t\t\t<\/ul>\n\t\t\t\t\t\t\t<\/div>\n\t\t\t\t\t\t<\/div>\n\n\t\t\t\t\t\t<strong class=\"teammember-name\">Lars Klug<\/strong>\n\n\t\t\t\t\t\t<span class=\"teammember-position\">Vertrieb &#038; Backoffice<\/span>\n\n\t\t\t\t\t\t<div class=\"teammember-contact\">\n\n\t\t\t\t\t\t\t\n\t\t\t\t\t\t\t\n\t\t\t\t\t\t<\/div>\n\n\t\t\t\t\t\t\t\t\t\t\t\t\n\n\t\t\t\t\t<\/div>\n\n\t\t\t\t<\/div>\n\n\t\t\t\n\t\t\t\t<div class=\"teammember-single\">\n\n\t\t\t\t\t<div class=\"teammember-single-inner\">\n\n\t\t\t\t\t\t<div class=\"teammember-image\">\n\t\t\t\t\t\t\t<img decoding=\"async\" src=\"https:\/\/aixmanus.de\/wp-content\/uploads\/2023\/07\/jobo_website_847x891px.jpg\" alt=\"\">\n\n\t\t\t\t\t\t\t<div class=\"teammember-description\">\n\t\t\t\t\t\t\t\tDurch seine weitreichende Erfahrungen im Bereich der Elektrotechnik und der Programmierung von Mikrocontrolleren stellt Joel einen wertvollen Teil der AixManus UG dar.\n\t\t\t\t\t\t\t\t<ul class=\"social\">\n\t\t\t\t\t\t\t\t\t\t\t\t\t\t\t\t\t\t\t\t\t\t\t\t\t\t<\/ul>\n\t\t\t\t\t\t\t<\/div>\n\t\t\t\t\t\t<\/div>\n\n\t\t\t\t\t\t<strong class=\"teammember-name\">Jo\u00ebl Schulz-Andres<\/strong>\n\n\t\t\t\t\t\t<span class=\"teammember-position\">Hardwareentwicklung<\/span>\n\n\t\t\t\t\t\t<div class=\"teammember-contact\">\n\n\t\t\t\t\t\t\t\n\t\t\t\t\t\t\t\n\t\t\t\t\t\t<\/div>\n\n\t\t\t\t\t\t\t\t\t\t\t\t\n\n\t\t\t\t\t<\/div>\n\n\t\t\t\t<\/div>\n\n\t\t\t\n\t\t\t\t<div class=\"teammember-single\">\n\n\t\t\t\t\t<div class=\"teammember-single-inner\">\n\n\t\t\t\t\t\t<div class=\"teammember-image\">\n\t\t\t\t\t\t\t<img decoding=\"async\" src=\"https:\/\/aixmanus.de\/wp-content\/uploads\/2023\/03\/yannick_847x991.jpg\" alt=\"\">\n\n\t\t\t\t\t\t\t<div class=\"teammember-description\">\n\t\t\t\t\t\t\t\tNach seinem erfolgrichen Studium der Informatik an der FH-Aachen, widmet sich Yannick nebem seiner Vollzeitstelle dem Projekt IanuaTag und fungiert als Entwicklungsleiter im Bereich Software. Eine analytische Denkstruktur und stringente Performance beschreiben dabei gleicherma\u00dfen seinen Kompetenzbereich. Mit seiner zielgerichteten Arbeitsweise stellt er ein wichtigen Teil der AixManus UG dar.\n\t\t\t\t\t\t\t\t<ul class=\"social\">\n\t\t\t\t\t\t\t\t\t\t\t\t\t\t\t\t\t\t\t\t\t\t\t\t\t\t\t\t<li><a href=\"https:\/\/de.linkedin.com\/in\/yannick-luc-schmetz-989955199\" target=\"_blank\"><i class=\"fab fa-linkedin\"><\/i><\/a><\/li>\n\t\t\t\t\t\t\t\t\t\t\t\t\t\t\t\t\t<\/ul>\n\t\t\t\t\t\t\t<\/div>\n\t\t\t\t\t\t<\/div>\n\n\t\t\t\t\t\t<strong class=\"teammember-name\">Yannick Luc Schmetz<\/strong>\n\n\t\t\t\t\t\t<span class=\"teammember-position\">Softwareentwicklung<\/span>\n\n\t\t\t\t\t\t<div class=\"teammember-contact\">\n\n\t\t\t\t\t\t\t\n\t\t\t\t\t\t\t\n\t\t\t\t\t\t<\/div>\n\n\t\t\t\t\t\t\t\t\t\t\t\t\n\n\t\t\t\t\t<\/div>\n\n\t\t\t\t<\/div>\n\n\t\t\t\n\t\t\t\t<div class=\"teammember-single\">\n\n\t\t\t\t\t<div class=\"teammember-single-inner\">\n\n\t\t\t\t\t\t<div class=\"teammember-image\">\n\t\t\t\t\t\t\t<img decoding=\"async\" src=\"https:\/\/aixmanus.de\/wp-content\/uploads\/2023\/03\/rene_847x991.png\" alt=\"\">\n\n\t\t\t\t\t\t\t<div class=\"teammember-description\">\n\t\t\t\t\t\t\t\tKomplexe Sachverhalte, diverse Programmiersprachen &#8211; kein Problem. Auf der Basis eines erfolgreichen Studiums der Informatik an der FH-Aachen und seiner Arbeitserfahrung, ist Ren\u00e9 ein pr\u00e4destenierter Probleml\u00f6ser. Eine herausragende und schnelle Auffassungsgabe lassen Ihn mit einem k\u00fchlen Kopf auch bei komplexen Sachverhalten gl\u00e4nzen. Das interdisziplin\u00e4re und sprachen\u00fcbergreifende Denken und seine Projektloyalit\u00e4t, lassen Ihn L\u00f6sungen f\u00fcr  Probleme finden, bei denen Andere l\u00e4ngst das Weite gesucht h\u00e4tten.\n\t\t\t\t\t\t\t\t<ul class=\"social\">\n\t\t\t\t\t\t\t\t\t\t\t\t\t\t\t\t\t\t\t\t\t\t\t\t\t\t\t\t<li><a href=\"https:\/\/de.linkedin.com\/in\/ren\u00e9-wolff-1258081bb\" target=\"_blank\"><i class=\"fab fa-linkedin\"><\/i><\/a><\/li>\n\t\t\t\t\t\t\t\t\t\t\t\t\t\t\t\t\t<\/ul>\n\t\t\t\t\t\t\t<\/div>\n\t\t\t\t\t\t<\/div>\n\n\t\t\t\t\t\t<strong class=\"teammember-name\">Ren\u00e9 Wolff<\/strong>\n\n\t\t\t\t\t\t<span class=\"teammember-position\">Softwareentwicklung<\/span>\n\n\t\t\t\t\t\t<div class=\"teammember-contact\">\n\n\t\t\t\t\t\t\t\n\t\t\t\t\t\t\t\n\t\t\t\t\t\t<\/div>\n\n\t\t\t\t\t\t\t\t\t\t\t\t\n\n\t\t\t\t\t<\/div>\n\n\t\t\t\t<\/div>\n\n\t\t\t\n\t<\/div>\n\n<\/div>\n\n\t<\/div>\n\n<\/div>\n\n\n<div style=\"height:50px\" aria-hidden=\"true\" class=\"wp-block-spacer\"><\/div>\n\n\n\n<div class=\"outer-wrapper force-white-color\" id=\"angebot\">\n\n\t<div class=\"wrapper container\" style=\"padding:    ; background-color: rgba(8,40,40,0.8);\">\n\n\t\t\n\n<div class=\"row \">\n\n\t\n\t\t\t<div class=\"teaser_single col-lg-4\">\n\n\t\t\t\t\n\t\t\t\t<div class=\"teaser_inner h-100\">\n\n\t\t\t\t\t\n\t\t\t\t\t<div class=\"teaser_content\">\n\n\t\t\t\t\t\t<span class=\"teaser_headline\">E-PAPER DISPLAY<\/span>\n\n\t\t\t\t\t\t<span class=\"teaser_description\">NEXT LEVEL OF DIGITAL SIGNAGE.\r\nE-Paper Raumbeschilderung mit dynamischen Templates, Exchangeanbindung und vielf\u00e4ltigen Einsatzm\u00f6glichkeiten. Ganz ohne zus\u00e4tzliche Hardware in Ihre Infrasturkur integrierbar.<\/span>\n\n\t\t\t\t\t\t\n\t\t\t\t\t\t\t\t<div class=\"teaser_buttonwrap\">\n\t\t\t\t\t\t\t\t\n\t\t\t\t\t\t\t\t\t<a href=\"http:\/\/www.e-inx.de\/\" target=\"_blank\">zur Website<\/a>\n\n\t\t\t\t\t\t\t\t<\/div>\n\n\t\t\t\t\t\t\t\n\t\t\t\t\t<\/div>\n\n\t\t\t\t<\/div>\n\n\t\t\t\t\n\t\t\t<\/div>\n\n\t\t\n\t\t\t<div class=\"teaser_single col-lg-4\">\n\n\t\t\t\t\n\t\t\t\t<div class=\"teaser_inner h-100\">\n\n\t\t\t\t\t\n\t\t\t\t\t<div class=\"teaser_content\">\n\n\t\t\t\t\t\t<span class=\"teaser_headline\">DATENSCHUTZ<\/span>\n\n\t\t\t\t\t\t<span class=\"teaser_description\">Mandats\u00fcbernahme, Mitarbeiterschulung und Beratung. Wir erstellen Dokumentationen und teilen unsere Erfahrungen!<\/span>\n\n\t\t\t\t\t\t\n\t\t\t\t\t\t\t\t<div class=\"teaser_buttonwrap\">\n\t\t\t\t\t\t\t\t\n\t\t\t\t\t\t\t\t\t<a href=\"https:\/\/aixmanus.de\/angebot\/datenschutz-consulting\/\" target=\"\">Mehr Infos<\/a>\n\n\t\t\t\t\t\t\t\t<\/div>\n\n\t\t\t\t\t\t\t\n\t\t\t\t\t<\/div>\n\n\t\t\t\t<\/div>\n\n\t\t\t\t\n\t\t\t<\/div>\n\n\t\t\n\t\t\t<div class=\"teaser_single col-lg-4\">\n\n\t\t\t\t\n\t\t\t\t<div class=\"teaser_inner h-100\">\n\n\t\t\t\t\t\n\t\t\t\t\t<div class=\"teaser_content\">\n\n\t\t\t\t\t\t<span class=\"teaser_headline\">SOFTWARE CM2X<\/span>\n\n\t\t\t\t\t\t<span class=\"teaser_description\">F\u00fcr die einfache und direkte Aufnahme der Prozesse zur Nachkalkulation, Kostenanalyse, Optimierung, Planung und Vieles mehr!<\/span>\n\n\t\t\t\t\t\t\n\t\t\t\t\t\t\t\t<div class=\"teaser_buttonwrap\">\n\t\t\t\t\t\t\t\t\n\t\t\t\t\t\t\t\t\t<a href=\"http:\/\/www.cm2x.de\/\" target=\"_blank\">zur Website<\/a>\n\n\t\t\t\t\t\t\t\t<\/div>\n\n\t\t\t\t\t\t\t\n\t\t\t\t\t<\/div>\n\n\t\t\t\t<\/div>\n\n\t\t\t\t\n\t\t\t<\/div>\n\n\t\t\n\t\t\t<div class=\"teaser_single col-lg-4\">\n\n\t\t\t\t\n\t\t\t\t<div class=\"teaser_inner h-100\">\n\n\t\t\t\t\t\n\t\t\t\t\t<div class=\"teaser_content\">\n\n\t\t\t\t\t\t<span class=\"teaser_headline\">eInX-CONTROL<\/span>\n\n\t\t\t\t\t\t<span class=\"teaser_description\">Control-Software zum eInX-Panel. Nutzerfreundlich, intuitiv. Unsere Software zur Steuerung der E-Paperdisplays.<\/span>\n\n\t\t\t\t\t\t\n\t\t\t\t\t\t\t\t<div class=\"teaser_buttonwrap\">\n\t\t\t\t\t\t\t\t\n\t\t\t\t\t\t\t\t\t<a href=\"http:\/\/www.e-inx.de\/\" target=\"_blank\">zur Website<\/a>\n\n\t\t\t\t\t\t\t\t<\/div>\n\n\t\t\t\t\t\t\t\n\t\t\t\t\t<\/div>\n\n\t\t\t\t<\/div>\n\n\t\t\t\t\n\t\t\t<\/div>\n\n\t\t\n\t\t\t<div class=\"teaser_single col-lg-4\">\n\n\t\t\t\t\n\t\t\t\t<div class=\"teaser_inner h-100\">\n\n\t\t\t\t\t\n\t\t\t\t\t<div class=\"teaser_content\">\n\n\t\t\t\t\t\t<span class=\"teaser_headline\">CM2X-PLUG<\/span>\n\n\t\t\t\t\t\t<span class=\"teaser_description\">Tragbarer robuster Funksignalgeber zur blitzschnellen Erfassung der T\u00e4tigkeiten. Langlebiges Login-Modul zur Arbeitszeiterfassung.<\/span>\n\n\t\t\t\t\t\t\n\t\t\t\t\t\t\t\t<div class=\"teaser_buttonwrap\">\n\t\t\t\t\t\t\t\t\n\t\t\t\t\t\t\t\t\t<a href=\"http:\/\/www.cm2x.de\/\" target=\"_blank\">zur Website<\/a>\n\n\t\t\t\t\t\t\t\t<\/div>\n\n\t\t\t\t\t\t\t\n\t\t\t\t\t<\/div>\n\n\t\t\t\t<\/div>\n\n\t\t\t\t\n\t\t\t<\/div>\n\n\t\t\n\t\t\t<div class=\"teaser_single col-lg-4\">\n\n\t\t\t\t\n\t\t\t\t<div class=\"teaser_inner h-100\">\n\n\t\t\t\t\t\n\t\t\t\t\t<div class=\"teaser_content\">\n\n\t\t\t\t\t\t<span class=\"teaser_headline\">INGENIEURLEISTUNGEN<\/span>\n\n\t\t\t\t\t\t<span class=\"teaser_description\">Planung, Entwicklung, Umsetzung! Wir unterst\u00fctzen Sie bei Ihrem Projekt.<\/span>\n\n\t\t\t\t\t\t\n\t\t\t\t\t\t\t\t<div class=\"teaser_buttonwrap\">\n\t\t\t\t\t\t\t\t\n\t\t\t\t\t\t\t\t\t<a href=\"https:\/\/aixmanus.de\/angebot\/ingenieurleistungen\/\" target=\"\">Mehr Infos<\/a>\n\n\t\t\t\t\t\t\t\t<\/div>\n\n\t\t\t\t\t\t\t\n\t\t\t\t\t<\/div>\n\n\t\t\t\t<\/div>\n\n\t\t\t\t\n\t\t\t<\/div>\n\n\t\t\n\t\t\t<div class=\"teaser_single col-lg-4\">\n\n\t\t\t\t\n\t\t\t\t<div class=\"teaser_inner h-100\">\n\n\t\t\t\t\t\n\t\t\t\t\t<div class=\"teaser_content\">\n\n\t\t\t\t\t\t<span class=\"teaser_headline\">UNTERNEHMENSBERATUNG<\/span>\n\n\t\t\t\t\t\t<span class=\"teaser_description\">Ob Startup Konzern oder Familienunternehmen, wir stehen Ihnen in jeder Situatuion zur Seite.<\/span>\n\n\t\t\t\t\t\t\n\t\t\t\t\t\t\t\t<div class=\"teaser_buttonwrap\">\n\t\t\t\t\t\t\t\t\n\t\t\t\t\t\t\t\t\t<a href=\"https:\/\/aixmanus.de\/angebot\/unternehmensberatung\/\" target=\"\">Mehr Infos<\/a>\n\n\t\t\t\t\t\t\t\t<\/div>\n\n\t\t\t\t\t\t\t\n\t\t\t\t\t<\/div>\n\n\t\t\t\t<\/div>\n\n\t\t\t\t\n\t\t\t<\/div>\n\n\t\t\n<\/div>\n\n\t<\/div>\n\n<\/div>\n\n\n<div class=\"outer-wrapper \" id=\"\">\n\n\t<div class=\"wrapper container\" style=\"padding:    ; background-color: rgba(0,0,0,0);\">\n\n\t\t\n<div class=\"testimonials\">\n\t\n\t\n\t\t\t<div class=\"testimonial-single\">\n\n\t\t\t\t<div class=\"testimonial-inner\">\n\n\t\t\t\t\t<div class=\"testimonial-image\">\n\n\t\t\t\t\t\t<a href=\"https:\/\/www.welcome-tec.de\/\" target=\"_blank\">\n\n\t\t\t\t\t\t\t<img decoding=\"async\" src=\"https:\/\/aixmanus.de\/wp-content\/uploads\/2023\/03\/logo_welcomeTec.png\" alt=\"\">\n\n\t\t\t\t\t\t<\/a>\n\n\t\t\t\t\t<\/div>\n\n\t\t\t\t\t<div class=\"testimonial-content\">\n\n\t\t\t\t\t\t<span class=\"testimonial-name\">HERR ZWIEGELA<\/span>\n\n\t\t\t\t\t\t<span class=\"testimonial-quote\">&#8220;Gesch\u00e4ftsf\u00fchrer welcome-tec&#8221;<\/span>\n\n\t\t\t\t\t\t<div class=\"testimonial-text\">\n\n\t\t\t\t\t\t\t&#8220;Die Aixmanus UG mit Herrn Numrich ist einer deren Gesch\u00e4ftpartner, dem wir inzwischen blind ein Projekt anvertrauen und sicher gehen k\u00f6nnen, dass es optimal und in unserem und insbesondere im Kundensinne ausgef\u00fchrt wird. Das bemerkenswerte Engagement gepaart mit einem \u00fcberdurchschnittlichen IT-Knowhow und sehr tiefem Technikverst\u00e4ndnis ist in dieser Konstellation absolut einmalig. Wir freuen uns auf die n\u00e4chsten gemeinsamen Jahre und viele weitere erfolgreiche Projekte.&#8221;\n\t\t\t\t\t\t<\/div>\n\n\t\t\t\t\t<\/div>\n\n\t\t\t\t<\/div>\n\n\t\t\t<\/div>\n\n\t\t\n<\/div>\t\n\n\t<\/div>\n\n<\/div>\n\n\n<div style=\"height:30px\" aria-hidden=\"true\" class=\"wp-block-spacer\"><\/div>\n","protected":false},"excerpt":{"rendered":"","protected":false},"author":1,"featured_media":0,"parent":0,"menu_order":0,"comment_status":"closed","ping_status":"closed","template":"","meta":{"footnotes":""},"class_list":["post-351","page","type-page","status-publish","hentry"],"acf":[],"_links":{"self":[{"href":"https:\/\/aixmanus.de\/en\/wp-json\/wp\/v2\/pages\/351","targetHints":{"allow":["GET"]}}],"collection":[{"href":"https:\/\/aixmanus.de\/en\/wp-json\/wp\/v2\/pages"}],"about":[{"href":"https:\/\/aixmanus.de\/en\/wp-json\/wp\/v2\/types\/page"}],"author":[{"embeddable":true,"href":"https:\/\/aixmanus.de\/en\/wp-json\/wp\/v2\/users\/1"}],"replies":[{"embeddable":true,"href":"https:\/\/aixmanus.de\/en\/wp-json\/wp\/v2\/comments?post=351"}],"version-history":[{"count":4,"href":"https:\/\/aixmanus.de\/en\/wp-json\/wp\/v2\/pages\/351\/revisions"}],"predecessor-version":[{"id":377,"href":"https:\/\/aixmanus.de\/en\/wp-json\/wp\/v2\/pages\/351\/revisions\/377"}],"wp:attachment":[{"href":"https:\/\/aixmanus.de\/en\/wp-json\/wp\/v2\/media?parent=351"}],"curies":[{"name":"wp","href":"https:\/\/api.w.org\/{rel}","templated":true}]}}